{"id":47,"date":"2022-07-11T20:28:41","date_gmt":"2022-07-11T20:28:41","guid":{"rendered":"https:\/\/www.youmeet.es\/f7\/?page_id=47"},"modified":"2022-08-12T16:54:23","modified_gmt":"2022-08-12T16:54:23","slug":"contacto","status":"publish","type":"page","link":"https:\/\/www.youmeet.es\/f7\/contacto\/","title":{"rendered":"Contacto"},"content":{"rendered":"\n<h6 class=\"wp-block-heading\">CONTACTO CON LA ORGANIZACI\u00d3N<\/h6>\n\n\n\n<p>Para cualquier duda o consulta (inscribirse en el torneo, etc) enviar mail o llamada telef\u00f3nica a la organizaci\u00f3n<\/p>\n\n\n\n<h6 class=\"wp-block-heading\">ORGANIZACI\u00d3N<\/h6>\n\n\n\n<ul class=\"wp-block-list\"><li>Jose Manuel P\u00e9rez P\u00e9rez (Organizador del Torneo):<ul><li><strong>Tel\u00e9fono:<\/strong>&nbsp;696.32.28.18<\/li><li><strong>Email:<\/strong>&nbsp;jperperl@gobiernodecanarias.org<\/li><\/ul><\/li><li>Jos\u00e9 Jes\u00fas (Webmaster)<\/li><\/ul>\n","protected":false},"excerpt":{"rendered":"<p>CONTACTO CON LA ORGANIZACI\u00d3N Para cualquier duda o consulta (inscribirse en el torneo, etc) enviar mail o llamada telef\u00f3nica a la organizaci\u00f3n ORGANIZACI\u00d3N Jose Manuel P\u00e9rez P\u00e9rez (Organizador del Torneo): Tel\u00e9fono:&nbsp;696.32.28.18 Email:&nbsp;jperperl@gobiernodecanarias.org Jos\u00e9 Jes\u00fas (Webmaster)<\/p>\n","protected":false},"author":1,"featured_media":0,"parent":0,"menu_order":0,"comment_status":"closed","ping_status":"closed","template":"","meta":{"footnotes":""},"class_list":["post-47","page","type-page","status-publish","hentry"],"_links":{"self":[{"href":"https:\/\/www.youmeet.es\/f7\/wp-json\/wp\/v2\/pages\/47","targetHints":{"allow":["GET"]}}],"collection":[{"href":"https:\/\/www.youmeet.es\/f7\/wp-json\/wp\/v2\/pages"}],"about":[{"href":"https:\/\/www.youmeet.es\/f7\/wp-json\/wp\/v2\/types\/page"}],"author":[{"embeddable":true,"href":"https:\/\/www.youmeet.es\/f7\/wp-json\/wp\/v2\/users\/1"}],"replies":[{"embeddable":true,"href":"https:\/\/www.youmeet.es\/f7\/wp-json\/wp\/v2\/comments?post=47"}],"version-history":[{"count":2,"href":"https:\/\/www.youmeet.es\/f7\/wp-json\/wp\/v2\/pages\/47\/revisions"}],"predecessor-version":[{"id":1378,"href":"https:\/\/www.youmeet.es\/f7\/wp-json\/wp\/v2\/pages\/47\/revisions\/1378"}],"wp:attachment":[{"href":"https:\/\/www.youmeet.es\/f7\/wp-json\/wp\/v2\/media?parent=47"}],"curies":[{"name":"wp","href":"https:\/\/api.w.org\/{rel}","templated":true}]}}